{"id":9,"date":"2024-11-28T10:48:11","date_gmt":"2024-11-28T10:48:11","guid":{"rendered":"https:\/\/areaprivada.eapn.es\/?page_id=9"},"modified":"2025-02-19T06:36:57","modified_gmt":"2025-02-19T06:36:57","slug":"area-privada","status":"publish","type":"page","link":"https:\/\/areaprivada.eapn.es\/","title":{"rendered":"\u00c1rea privada"},"content":{"rendered":"<div class='stic-login-form stic-form'>\n        <form name='stic-login-form' id='stic-login-form' action='' method='post'>\n            <ul>\n                \n                \n                <li class='input_login'>\n                    <label>Nombre de usuario:<\/label>\n                    <span><input type='text' class='input-text' name='scp_username' id='stic-username' required><\/span>\n                <\/li>\n\n                <li class='input_login'>\n                    <label>Contrase\u00f1a:<\/label>\n                    <span><input type='password' class='input-text' name='scp_password' id='stic-password' required><\/span>\n                <\/li>\n                <li class='actions_login'>\n                    <span>\n                        <input type='submit' name='scp_login_form_submit' id='stic-login-form-submit' value='Iniciar sesi\u00f3n'>\n                    <\/span>\n                       <span class='left'>\n<!--                            <a href='?internalpage=single_stic_signup'>\u00bfNo est\u00e1 registrado? Haga clic aqu\u00ed.<\/a> <br \/>-->\n                            <a href='?internalpage=stic_forgot_password'>\u00bfOlvid\u00f3 la contrase\u00f1a? Haga clic aqu\u00ed.<\/a>\n                        <\/span>\n                <\/li>\n            <\/ul>\n        <\/form><\/div>\n","protected":false},"excerpt":{"rendered":"","protected":false},"author":1,"featured_media":0,"parent":0,"menu_order":0,"comment_status":"closed","ping_status":"closed","template":"","meta":{"footnotes":""},"class_list":["post-9","page","type-page","status-publish","hentry"],"_links":{"self":[{"href":"https:\/\/areaprivada.eapn.es\/index.php?rest_route=\/wp\/v2\/pages\/9","targetHints":{"allow":["GET"]}}],"collection":[{"href":"https:\/\/areaprivada.eapn.es\/index.php?rest_route=\/wp\/v2\/pages"}],"about":[{"href":"https:\/\/areaprivada.eapn.es\/index.php?rest_route=\/wp\/v2\/types\/page"}],"author":[{"embeddable":true,"href":"https:\/\/areaprivada.eapn.es\/index.php?rest_route=\/wp\/v2\/users\/1"}],"replies":[{"embeddable":true,"href":"https:\/\/areaprivada.eapn.es\/index.php?rest_route=%2Fwp%2Fv2%2Fcomments&post=9"}],"version-history":[{"count":4,"href":"https:\/\/areaprivada.eapn.es\/index.php?rest_route=\/wp\/v2\/pages\/9\/revisions"}],"predecessor-version":[{"id":27,"href":"https:\/\/areaprivada.eapn.es\/index.php?rest_route=\/wp\/v2\/pages\/9\/revisions\/27"}],"wp:attachment":[{"href":"https:\/\/areaprivada.eapn.es\/index.php?rest_route=%2Fwp%2Fv2%2Fmedia&parent=9"}],"curies":[{"name":"wp","href":"https:\/\/api.w.org\/{rel}","templated":true}]}}